{"id":1123,"date":"2021-09-30T03:07:32","date_gmt":"2021-09-30T03:07:32","guid":{"rendered":"https:\/\/www.gutsana.com\/datenschutzvereinbarung\/"},"modified":"2021-09-30T03:07:32","modified_gmt":"2021-09-30T03:07:32","slug":"datenschutzvereinbarung","status":"publish","type":"page","link":"https:\/\/www.gutsana.com\/en\/datenschutzvereinbarung\/","title":{"rendered":"Datenschutzvereinbarung"},"content":{"rendered":"<section class=\"wpb-content-wrapper\"><p>[vc_row][vc_column][vc_column_text]<b>Datenschutzerkl\u00e4rung<\/b><\/p>\n<p>Der Schutz Ihrer pers\u00f6nlichen Daten ist uns ein Anliegen. Wir verarbeiten Ihre Daten daher ausschlie\u00dflich auf Grundlage der gesetzlichen Bestimmungen.<\/p>\n<p>Diese Information beschreibt, wie die Paul`s Daily GmbH, die von Ihnen erhobenen personenbezogenen Daten und pers\u00f6nlichen Interessen (\u201eDaten\u201c) verarbeiten.<\/p>\n<p><b>1. Verarbeitungen Ihrer Daten<\/b><\/p>\n<p>All jene Daten, die Sie uns zur Verf\u00fcgung stellen, wenn Sie einen Vertrag mit uns abschlie\u00dfen (z.B. Kauf eines unserer Produkte) oder eine Anfrage an uns richten (z.B. Frage zu Produkt oder aus pers\u00f6nlichem Interesse) werden von uns \u2013 sofern nicht eine Einwilligung f\u00fcr eine weitergehende Datenverarbeitung vorliegt \u2013 ausschlie\u00dflich f\u00fcr jene Zwecke verwendet, die f\u00fcr die Vertragserf\u00fcllung oder Beantwortung Ihrer Anfrage erforderlich sind (Art 6 Abs 1 lit b DSGVO (Datenschutz-Grundverordnung)).<\/p>\n<p>Nur dann, wenn Sie Ihre Einwilligung gem\u00e4\u00df Art 6 Abs 1 lit a DSGVO dazu erteilen, verwenden wir Ihre Daten, die Sie uns bei dieser Einwilligung zur Verf\u00fcgung stellen, auch f\u00fcr andere Zwecke, wie etwa die Zusendung von wissenschaftlichen Informationen in Newslettern etc. Der genaue Verwendungszweck ergibt sich dabei aus der jeweiligen Einwilligungserkl\u00e4rung. Die Einwilligung in die Verarbeitung Ihrer Daten erfolgt auf freiwilliger Basis und Sie k\u00f6nnen diese Einwilligung ohne f\u00fcr Sie nachteilige Folgen verweigern.<\/p>\n<p>Ein Widerruf Ihrer Einwilligung ist jederzeit m\u00f6glich, wobei wir darauf hinweisen, dass auch nach diesem Widerruf all jene Datenverarbeitungen weiterhin von uns vorgenommen werden d\u00fcrfen, die f\u00fcr die Erf\u00fcllung von Vertr\u00e4gen oder gesetzlichen Verpflichtungen erforderlich sind. Bis zum Einlangen Ihres Widerrufs d\u00fcrfen Ihre Daten von uns rechtm\u00e4\u00dfig verarbeitet werden.<\/p>\n<p>Bei Widerruf gegen Ihre Einwilligung in die Verarbeitung Ihrer Daten entsteht Ihnen kein Nachteil und Ihnen werden von uns keinerlei werbliche Informationen mehr \u00fcbermittelt.<\/p>\n<p><b>2. \u00dcbermittlung Ihrer Daten an Empf\u00e4nger<\/b><\/p>\n<p>Ihre Daten werden mit Ihrer Einwilligung an die in Ihrer Einwilligungserkl\u00e4rung genannten, mit uns verbundenen Unternehmen \u00fcbermittelt. Auch diese Unternehmen d\u00fcrfen Ihre Daten nur in dem Ma\u00dfe verarbeiten, wie Sie dazu eingewilligt haben.<br \/>\nDar\u00fcber hinaus lagern wir einzelne Datenverarbeitungen an externe Dienstleister aus. Diesen sogenannten Auftragsverarbeitern werden Ihre Daten nur in dem Ma\u00dfe zug\u00e4nglich gemacht, wie sie f\u00fcr deren Dienstleistung notwendig sind. Auftragsverarbeiter unterliegen ebenfalls den strengen Vorschriften des Datenschutzrechts und sind an jene Verarbeitungszwecke gebunden, die wir ihnen vertraglich vorgeben, sie d\u00fcrfen Ihre Daten also nicht zu anderen Zwecken verwenden.<\/p>\n<p>Wir machen Ihre Daten folgenden Auftragsverarbeitern zug\u00e4nglich:<\/p>\n<p>\u2022 von uns eingesetzte IT-Dienstleister (z.B. Speicherplatz)<\/p>\n<p>\u2022 Logistikdienstleister (z.B. Paketdienste)<\/p>\n<p>\u2022 Kommunikations-Dienstleister (z.B. Faxversand, Briefversand)<\/p>\n<p>\u2022 Kreditinstitute zum Zweck der Zahlung<\/p>\n<p>\u2022 Steuerberater<\/p>\n<p>\u2022 Rechtsvertreter bzw. Gerichte im Anlassfall<\/p>\n<p>Ihre Daten werden nicht an Dritte zu deren kommerzieller Verwendung weitergegeben, au\u00dfer Sie stimmen dieser Weitergabe ausdr\u00fccklich und in einer gesonderten Erkl\u00e4rung zu.<\/p>\n<p><b>3. Speicherdauer<\/b><\/p>\n<p>Ihre Daten werden von uns nur so lange aufbewahrt, wie dies vern\u00fcnftigerweise von uns als n\u00f6tig erachtet wird, um die oben genannten Zwecke zu erreichen und wie dies nach anwendbarem Recht zul\u00e4ssig ist. Wir speichern Ihre Daten jedenfalls solange wie gesetzliche Aufbewahrungspflichten bestehen oder Verj\u00e4hrungsfristen potentieller Rechtsanspr\u00fcche noch nicht abgelaufen sind.<\/p>\n<p><b>4. Datenverarbeitungen bei der Nutzung unserer Website<\/b><\/p>\n<p><b>a. Speicherung von Zugriffsdaten in Server-Logfiles<\/b><\/p>\n<p>Sie k\u00f6nnen unsere Website <a href=\"http:\/\/www.gutsana.com\">www.gutsana.com<\/a> besuchen, ohne Angaben zu Ihrer Person zu machen. Wir speichern lediglich Zugriffsdaten in sogenannten Server-Logfiles, wie z.B. den Namen der angeforderten Datei, Datum und Uhrzeit des Abrufs, \u00fcbertragene Datenmenge und den anfragenden Provider. Diese Daten werden ausschlie\u00dflich zur Sicherstellung eines st\u00f6rungsfreien Betriebs der Seite und zur Verbesserung unseres Angebots ausgewertet und erlauben uns keinen R\u00fcckschluss auf Ihre Person. Es werden durch diese Websites keinerlei pers\u00f6nliche Daten ohne Ihr aktives Zutun verarbeitet. Soweit auf unseren Seiten personenbezogene Daten (z.B. Name, Anschrift, E-Mail-Adresse) erhoben werden, erfolgt dies stets auf freiwilliger Basis und erfordert das aktive Ausf\u00fcllen und Absenden eines Formulars. Diese Daten dienen nur der direkten, durch Sie ausdr\u00fccklich gew\u00fcnschten Zusendung von Informationen durch uns (der genaue Verwendungszweck ergibt sich aus der jeweiligen Einwilligungserkl\u00e4rung).<\/p>\n<p><b>b. Kontakt mit uns<\/b><\/p>\n<p>Wenn Sie per Kontakt-Formular auf der Website oder per E-Mail Verbindung mit uns aufnehmen, werden Ihre angegebenen Daten ausschlie\u00dflich zur Bearbeitung Ihrer Anfrage verwendet und ohne Ihre explizite Einwilligung nicht weiter verarbeitet.<\/p>\n<p><b>c. Cookies<\/b><\/p>\n<p>Unsere Website verwendet sogenannte Cookies. Dabei handelt es sich um kleine Textdateien, die mit Hilfe des Browsers auf Ihrem Endger\u00e4t abgelegt werden. Sie richten keinen Schaden an. Wir nutzen Cookies dazu, unser Angebot nutzerfreundlich und Ihren Interessen entsprechend zu gestalten. Einige Cookies bleiben auf Ihrem Endger\u00e4t gespeichert, bis Sie diese l\u00f6schen. Sie erm\u00f6glichen es uns, Ihren Browser beim n\u00e4chsten Besuch wiederzuerkennen. Wenn Sie dies nicht w\u00fcnschen, so k\u00f6nnen Sie Ihren Browser so einrichten, dass er Sie \u00fcber das Setzen von Cookies informiert und Sie dies nur im Einzelfall erlauben. Bei der Deaktivierung von Cookies kann die Funktionalit\u00e4t unserer Website eingeschr\u00e4nkt sein.<\/p>\n<p><b>d. Web-Analyse-Tools<\/b><\/p>\n<p>Unsere Website verwendet Funktionen unterschiedlicher Webanalysedienste, die wir Ihnen nachfolgend beschreiben. Wir haben mit den Anbietern jeweils einen entsprechenden Vertrag zur Auftragsdatenverarbeitung abgeschlossen. Die Datenverarbeitung erfolgt auf Basis der gesetzlichen Bestimmungen des \u00a7 96 Abs 3 TKG sowie des Art 6 Abs 1 lit a (Einwilligung) und\/oder f (berechtigtes Interesse) der DSGVO. Unser Anliegen im Sinne der DSGVO (berechtigtes Interesse) ist die Verbesserung unseres Angebotes und unseres Webauftritts.<\/p>\n<p><b>i. Google Analytics<\/b><\/p>\n<p>Google Analytics ist ein Webanalysedienst der Google Inc., 1600 Amphitheatre Parkway, Mountain View, CA 94043, USA (\u201eGoogle\u201c). Google Analytics verwendet Cookies, die eine Analyse der Benutzung der Website durch ihre Benutzer erm\u00f6glicht. Ihre IP-Adresse wird erfasst, aber umgehend (durch L\u00f6schung der letzten 8 Bit) pseudonymisiert. Dadurch ist nur mehr eine grobe Lokalisierung m\u00f6glich. Die dadurch erzeugten Informationen werden auf den Server des Anbieters \u00fcbertragen und dort gespeichert. Google benutzt diese Informationen in unserem Auftrag, um u.a. Ihre Nutzung unserer Websites auszuwerten und um Reports \u00fcber die Websiteaktivit\u00e4ten zusammenzustellen. Die Nutzerdaten bei Google werden f\u00fcr die Dauer von 50 Monaten aufbewahrt. Sie k\u00f6nnen dies verhindern, indem Sie Ihren Browser so einrichten, dass keine Cookies gespeichert werden. Dar\u00fcber hinaus k\u00f6nnen Sie die Erfassung der durch das Cookie erzeugten und auf Ihre Nutzung der Website bezogenen Daten (inkl. Ihrer IP-Adresse) an Google sowie die Verarbeitung dieser Daten durch Google verhindern, indem Sie das unter http:\/\/tools.google.com\/dlpage\/gaoptout?hl=de verf\u00fcgbare Browser-Plugin herunterladen und installieren. N\u00e4here Informationen zu Nutzungsbedingungen und Datenschutz von Google finden Sie unter http:\/\/www.google.com\/analytics\/terms\/de.html bzw. unter https:\/\/www.google.de\/intl\/de\/policies\/.<\/p>\n<p><b>ii. Google AdWords<\/b><\/p>\n<p>Wir verwenden Google AdWords, einen Analysedienst von Google, und im Rahmen dessen das Conversion Tracking. Dabei wird von Google AdWords ein sogenannter \u201eConversion Cookie\u201c auf Ihrem Endger\u00e4t abgelegt, wenn Sie auf eine von Google geschaltete Anzeige klicken. Diese Cookies verlieren ihre G\u00fcltigkeit nach 30 Tagen und dienen nicht der pers\u00f6nlichen Identifizierung. Besuchen Sie bestimmte Seiten auf unserer Website k\u00f6nnen Google und wir erkennen, dass Sie auf die Anzeige geklickt haben und zu dieser Seite weitergeleitet wurden. Die mit Hilfe der Conversion Cookies erlangten Informationen dienen der Erstellung von Statistiken, durch die wir die Gesamtanzahl von Nutzern, die auf die von Google geschaltete Anzeige geklickt haben und eine mit einem Conversion-Tracking-Tag versehenen Seite aufgerufen haben, erfahren.<\/p>\n<p>Neben dem Conversion Tracking verwenden wir auch die Funktionen Remarketing, Zielgruppen mit gemeinsamen Interessen, benutzerdefinierte Zielgruppen mit gemeinsamen Interessen, kaufbereite Zielgruppen, \u00e4hnliche Zielgruppen, sowie demografische und geografische Ausrichtung.<\/p>\n<p>Mit der Remarketing-Funktion von Google erreichen wir Nutzer, die unsere Website bereits besucht haben und k\u00f6nnen unsere Werbung Ihren Interessen entsprechend pr\u00e4sentieren. Google AdWords ermittelt zudem anhand des Nutzerverhaltens auf Websites im Werbenetzwerk von Google (\u201eDisplay-Netzwerk\u201c) in den letzten 30 Tagen sowie mithilfe der kontextbezogenen Suchmaschine, welche gemeinsamen Interessen und Merkmale die Nutzer unserer Website aufweisen. Auf Grundlage dieser Informationen findet AdWords dann neue potenzielle Kunden f\u00fcr Marketingzwecke, deren Interessen und Merkmale denen der Nutzer unserer Website \u00e4hneln.<\/p>\n<p>N\u00e4here Informationen zu Nutzungsbedingungen und Datenschutz im Rahmen von Google AdWords finden Sie unter http:\/\/www.google.de\/policies\/technologies\/ads\/.<\/p>\n<p><b>iii. Hotjar<\/b><\/p>\n<p>F\u00fcr die Verbesserung der Nutzererfahrung auf unseren Websites setzen wir die Software Hotjar (http:\/\/www.hotjar.com, 3 Lyons Range, 20 Bisazza Street, Sliema SLM 1640, Malta, Europe) ein. Mittels Hotjar k\u00f6nnen wir das Nutzerverhalten (Mausbewegungen, Klicks, Scrollh\u00f6he etc.) auf unseren Internetseiten messen und auswerten. Zu diesem Zweck setzt Hotjar Cookies auf Endger\u00e4ten der Nutzer und kann Daten von Nutzern wie z.B. Browser-Informationen, Betriebssystem, Verweildauer auf der Seite etc. speichern. N\u00e4here Informationen \u00fcber die Datenverarbeitung durch Hotjar finden Sie unter www.hotjar.com\/privacy.<\/p>\n<p><b>iv. Newsletter<\/b><\/p>\n<p>Sie haben die M\u00f6glichkeit, \u00fcber unsere Website unsere Newsletter zu abonnieren. Hierf\u00fcr ben\u00f6tigen wir Ihre Erkl\u00e4rung, dass Sie mit dem Bezug der Newsletter einverstanden sind. Zudem erheben und verarbeiten wir au\u00dferdem freiwillig gemachte Angaben zu pers\u00f6nlichen Daten und Interessengebieten, um Sie zielgerichtet mit Informationen zu versorgen. Das Abo der Newsletter k\u00f6nnen Sie jederzeit stornieren.<\/p>\n<p><b>5. Ihre Rechte im Zusammenhang mit Ihren Daten<\/b><\/p>\n<p>Nach geltendem Datenschutzrecht sind Sie unter anderem berechtigt (unter den Voraussetzungen des anwendbaren Rechts),<\/p>\n<p>\u2022 Auskunft dar\u00fcber zu verlangen, ob und welche Daten wir \u00fcber Sie gespeichert haben und Kopien dieser Daten zu erhalten,<\/p>\n<p>\u2022 die Berichtigung oder Erg\u00e4nzung Ihrer Daten, die falsch bzw. unvollst\u00e4ndig sind oder nicht rechtskonform verarbeitet werden, zu verlangen,<\/p>\n<p>\u2022 die L\u00f6schung Ihrer Daten zu verlangen, sofern kein gesetzlich anerkannter Grund gegen eine L\u00f6schung spricht (gesetzliche Aufbewahrungsfristen),<\/p>\n<p>\u2022 von uns zu verlangen, die Verarbeitung Ihrer Daten unter folgenden Voraussetzungen einzuschr\u00e4nken:<br \/>\n\u2013 Sie bestreiten die Richtigkeit Ihrer personenbezogenen Daten,<br \/>\n\u2013 Sie verlangen anstelle einer L\u00f6schung unrechtm\u00e4\u00dfig verarbeiteter Daten deren Einschr\u00e4nkung der Nutzung,<br \/>\n\u2013 Sie ben\u00f6tigen verarbeitete Daten zur Geltendmachung, Aus\u00fcbung oder Verteidigung von Rechtsanspr\u00fcchen,<br \/>\n\u2013 bei Aus\u00fcbung des Widerspruchsrechts, f\u00fcr die Dauer der Kl\u00e4rung, ob berechtigte Gr\u00fcnde eine weitere Datenverarbeitung erfordern,<\/p>\n<p>\u2022 unter bestimmten Umst\u00e4nden der Verarbeitung Ihrer Daten zu widersprechen oder die f\u00fcr das Verarbeiten zuvor gegebene Einwilligung zu widerrufen (die Rechtm\u00e4\u00dfigkeit von Datenverarbeitungen, die wir bis zu Ihrem Widerruf vorgenommen haben, wird dadurch nicht ber\u00fchrt),<\/p>\n<p>\u2022 Daten\u00fcbertragung zu verlangen,<\/p>\n<p>\u2022 die Identit\u00e4t von Dritten, an die Ihre Daten \u00fcbermitteln werden, zu kennen, und<\/p>\n<p>\u2022 bei der zust\u00e4ndigen Datenschutzbeh\u00f6rde Beschwerde zu erheben.<\/p>\n<p><b>6. Unsere Kontaktdaten<\/b><\/p>\n<p>Sollten Sie zu der Verarbeitung Ihrer Daten Fragen haben oder Sie von Ihren Betroffenenrechten Gebrauch machen wollen, wenden Sie sich bitte an uns:<\/p>\n<p>Paul\u2019s Daily GmbH,<span class=\"Apple-converted-space\">\u00a0<\/span><\/p>\n<p>Strohgasse 9\/5,<span class=\"Apple-converted-space\">\u00a0<\/span><\/p>\n<p>1030 Wien<\/p>\n<p>Telefon: +43 6649496955, <span class=\"Apple-converted-space\">\u00a0<\/span><\/p>\n<p>Email: office@gutsana.com<\/p>\n<p>Im Fall von Auskunftsbegehren ersuchen wir Sie, zum Zweck Ihrer Identifizierung eine Kopie eines amtlichen Lichtbildausweises mitzuschicken.[\/vc_column_text][\/vc_column][\/vc_row]<\/p>\n<\/section>","protected":false},"excerpt":{"rendered":"<p>[vc_row][vc_column][vc_column_text]Datenschutzerkl\u00e4rung Der Schutz Ihrer pers\u00f6nlichen Daten ist uns ein Anliegen. Wir verarbeiten Ihre Daten daher ausschlie\u00dflich auf Grundlage der gesetzlichen Bestimmungen. Diese Information beschreibt, wie die Paul`s Daily GmbH, die von Ihnen erhobenen personenbezogenen Daten und pers\u00f6nlichen Interessen (\u201eDaten\u201c) verarbeiten. 1. Verarbeitungen Ihrer Daten All jene Daten, die Sie uns zur Verf\u00fcgung stellen, wenn Sie&hellip;&nbsp;<a href=\"https:\/\/www.gutsana.com\/en\/datenschutzvereinbarung\/\" class=\"\" rel=\"bookmark\">Read More &raquo;<span class=\"screen-reader-text\">Datenschutzvereinbarung<\/span><\/a><\/p>\n","protected":false},"author":1,"featured_media":0,"parent":0,"menu_order":0,"comment_status":"closed","ping_status":"closed","template":"","meta":{"_acf_changed":false,"inline_featured_image":false,"neve_meta_sidebar":"","neve_meta_container":"","neve_meta_enable_content_width":"off","neve_meta_content_width":100,"neve_meta_title_alignment":"","neve_meta_author_avatar":"","neve_post_elements_order":"","neve_meta_disable_header":"","neve_meta_disable_footer":"","neve_meta_disable_title":"","footnotes":""},"class_list":["post-1123","page","type-page","status-publish","hentry"],"acf":[],"_links":{"self":[{"href":"https:\/\/www.gutsana.com\/en\/wp-json\/wp\/v2\/pages\/1123","targetHints":{"allow":["GET"]}}],"collection":[{"href":"https:\/\/www.gutsana.com\/en\/wp-json\/wp\/v2\/pages"}],"about":[{"href":"https:\/\/www.gutsana.com\/en\/wp-json\/wp\/v2\/types\/page"}],"author":[{"embeddable":true,"href":"https:\/\/www.gutsana.com\/en\/wp-json\/wp\/v2\/users\/1"}],"replies":[{"embeddable":true,"href":"https:\/\/www.gutsana.com\/en\/wp-json\/wp\/v2\/comments?post=1123"}],"version-history":[{"count":0,"href":"https:\/\/www.gutsana.com\/en\/wp-json\/wp\/v2\/pages\/1123\/revisions"}],"wp:attachment":[{"href":"https:\/\/www.gutsana.com\/en\/wp-json\/wp\/v2\/media?parent=1123"}],"curies":[{"name":"wp","href":"https:\/\/api.w.org\/{rel}","templated":true}]}}